{"id":125,"date":"2025-02-05T16:16:12","date_gmt":"2025-02-05T16:16:12","guid":{"rendered":"https:\/\/marketeame.com\/LVC\/?page_id=125"},"modified":"2025-05-07T17:47:29","modified_gmt":"2025-05-07T17:47:29","slug":"tercerizacion","status":"publish","type":"page","link":"https:\/\/www.marketeame.com\/LVC\/tercerizacion\/","title":{"rendered":"Tercerizaci\u00f3n"},"content":{"rendered":"<p>[et_pb_section fb_built=\u00bb1&#8243; fullwidth=\u00bbon\u00bb next_background_color=\u00bb#ffffff\u00bb _builder_version=\u00bb4.27.3&#8243; _module_preset=\u00bbdefault\u00bb background_color=\u00bb#D5850C\u00bb bottom_divider_style=\u00bbwave2&#8243; bottom_divider_height=\u00bb105px\u00bb bottom_divider_flip=\u00bbhorizontal\u00bb global_colors_info=\u00bb{}\u00bb][et_pb_fullwidth_image title_text=\u00bbheder-servicios\u00bb _builder_version=\u00bb4.27.3&#8243; _module_preset=\u00bbdefault\u00bb background_color=\u00bbRGBA(255,255,255,0)\u00bb height=\u00bb130px\u00bb global_colors_info=\u00bb{}\u00bb][\/et_pb_fullwidth_image][\/et_pb_section][et_pb_section fb_built=\u00bb1&#8243; _builder_version=\u00bb4.27.3&#8243; _module_preset=\u00bbdefault\u00bb custom_padding=\u00bb11px|||||\u00bb global_colors_info=\u00bb{}\u00bb][et_pb_row column_structure=\u00bb2_3,1_3&#8243; _builder_version=\u00bb4.27.3&#8243; _module_preset=\u00bbdefault\u00bb global_colors_info=\u00bb{}\u00bb][et_pb_column type=\u00bb2_3&#8243; _builder_version=\u00bb4.27.3&#8243; _module_preset=\u00bbdefault\u00bb global_colors_info=\u00bb{}\u00bb][et_pb_post_title meta=\u00bboff\u00bb featured_image=\u00bboff\u00bb _builder_version=\u00bb4.27.3&#8243; _module_preset=\u00bbdefault\u00bb title_text_align=\u00bbleft\u00bb text_orientation=\u00bbcenter\u00bb custom_margin=\u00bb||9px|||\u00bb global_colors_info=\u00bb{}\u00bb][\/et_pb_post_title][et_pb_text _builder_version=\u00bb4.27.3&#8243; _module_preset=\u00bbdefault\u00bb header_2_text_align=\u00bbleft\u00bb header_2_text_color=\u00bb#DE9C42&#8243; header_2_font_size=\u00bb25px\u00bb header_2_line_height=\u00bb1.4em\u00bb custom_margin=\u00bb28px|||||\u00bb global_colors_info=\u00bb{}\u00bb]<\/p>\n<h2>Nos concentramos en asistir en forma permanente a nuestros clientes, ante sus necesidades espec\u00edficas en ciertos procesos administrativos de la compa\u00f1\u00eda.<\/h2>\n<p>[\/et_pb_text][\/et_pb_column][et_pb_column type=\u00bb1_3&#8243; _builder_version=\u00bb4.27.3&#8243; _module_preset=\u00bbdefault\u00bb global_colors_info=\u00bb{}\u00bb][et_pb_image src=\u00bbhttps:\/\/marketeame.com\/LVC\/wp-content\/uploads\/2025\/02\/Servicios-tercerizacion.jpg\u00bb title_text=\u00bbServicios-tercerizacion\u00bb _builder_version=\u00bb4.27.3&#8243; _module_preset=\u00bbdefault\u00bb custom_margin=\u00bb11px|||||\u00bb border_radii=\u00bbon|10px|10px|10px|10px\u00bb global_colors_info=\u00bb{}\u00bb][\/et_pb_image][\/et_pb_column][\/et_pb_row][et_pb_row column_structure=\u00bb1_2,1_2&#8243; _builder_version=\u00bb4.27.3&#8243; _module_preset=\u00bbdefault\u00bb custom_padding=\u00bb16px|||||\u00bb global_colors_info=\u00bb{}\u00bb][et_pb_column type=\u00bb1_2&#8243; _builder_version=\u00bb4.27.3&#8243; _module_preset=\u00bbdefault\u00bb global_colors_info=\u00bb{}\u00bb][et_pb_text _builder_version=\u00bb4.27.3&#8243; _module_preset=\u00bbdefault\u00bb global_colors_info=\u00bb{}\u00bb]Surgida como un \u00e1rea requerida por nuestros clientes, buscamos satisfacer la necesidad de algunos de ellos de tercerizar ciertos procesos administrativos de su compa\u00f1\u00eda, permiti\u00e9ndoles mantenerse enfocados en su negocio principal.<\/p>\n<p>Tenemos un compromiso total con brindar soluciones a nuestros clientes y realizamos las tareas administrativas encargadas con el mismo nivel de profesionalidad y confianza que todas nuestras pr\u00e1cticas.<\/p>\n<p>En esta \u00e1rea nuestra fortaleza es la r\u00e1pida capacidad de respuesta y la flexibilidad en la definici\u00f3n de la forma de prestaci\u00f3n del servicio, dados por nuestra amplia experiencia en empresas de primera l\u00ednea y la estructura de personal de nuestra firma.[\/et_pb_text][\/et_pb_column][et_pb_column type=\u00bb1_2&#8243; _builder_version=\u00bb4.27.3&#8243; _module_preset=\u00bbdefault\u00bb global_colors_info=\u00bb{}\u00bb][et_pb_text _builder_version=\u00bb4.27.3&#8243; _module_preset=\u00bbdefault\u00bb global_colors_info=\u00bb{}\u00bb]<\/p>\n<p>Dentro del \u00e1rea desarrollamos las siguientes tareas:<\/p>\n<p>&nbsp;<\/p>\n<ul>\n<li>Registraciones contables y compilaci\u00f3n de balances.<\/li>\n<li>Preparaci\u00f3n de declaraciones juradas impositivas.<\/li>\n<li>Conciliaciones de cuentas contables.<\/li>\n<li>Preparaci\u00f3n de reportes de gesti\u00f3n al Directorio.<\/li>\n<li>Procesos de cierre mensual y reporting a casas matrices.<\/li>\n<li>Implementaci\u00f3n de procesos y controles internos.<\/li>\n<li>Tareas administrativas en general.<\/li>\n<\/ul>\n<p>[\/et_pb_text][\/et_pb_column][\/et_pb_row][\/et_pb_section][et_pb_section fb_built=\u00bb1&#8243; _builder_version=\u00bb4.27.3&#8243; _module_preset=\u00bbdefault\u00bb background_color=\u00bb#f4f4f4&#8243; custom_padding=\u00bb20px|||||\u00bb global_colors_info=\u00bb{}\u00bb][et_pb_row _builder_version=\u00bb4.27.3&#8243; _module_preset=\u00bbdefault\u00bb global_colors_info=\u00bb{}\u00bb][et_pb_column type=\u00bb4_4&#8243; _builder_version=\u00bb4.27.3&#8243; _module_preset=\u00bbdefault\u00bb global_colors_info=\u00bb{}\u00bb][et_pb_text _builder_version=\u00bb4.27.3&#8243; _module_preset=\u00bbdefault\u00bb custom_margin=\u00bb||-15px|||\u00bb global_colors_info=\u00bb{}\u00bb]<\/p>\n<h2 style=\"text-align: center;\">Otros servicios<\/h2>\n<p>[\/et_pb_text][\/et_pb_column][\/et_pb_row][et_pb_row column_structure=\u00bb1_3,1_3,1_3&#8243; _builder_version=\u00bb4.27.3&#8243; _module_preset=\u00bbdefault\u00bb hover_enabled=\u00bb0&#8243; global_colors_info=\u00bb{}\u00bb theme_builder_area=\u00bbpost_content\u00bb sticky_enabled=\u00bb0&#8243;][et_pb_column type=\u00bb1_3&#8243; _builder_version=\u00bb4.27.3&#8243; _module_preset=\u00bbdefault\u00bb global_colors_info=\u00bb{}\u00bb theme_builder_area=\u00bbpost_content\u00bb][et_pb_image src=\u00bbhttps:\/\/marketeame.com\/LVC\/wp-content\/uploads\/2025\/02\/Servicios-auditoria.jpg\u00bb title_text=\u00bbServicios-auditoria\u00bb _builder_version=\u00bb4.27.3&#8243; _module_preset=\u00bbdefault\u00bb global_colors_info=\u00bb{}\u00bb theme_builder_area=\u00bbpost_content\u00bb][\/et_pb_image][et_pb_text _builder_version=\u00bb4.27.3&#8243; _module_preset=\u00bbdefault\u00bb global_colors_info=\u00bb{}\u00bb theme_builder_area=\u00bbpost_content\u00bb]<\/p>\n<h2><span>Auditor\u00eda<\/span><\/h2>\n<p><span>Nuestra auditor\u00eda sobre estados contables como auditores independientes est\u00e1 respaldada por la realizaci\u00f3n de procedimientos de an\u00e1lisis y control que garantizan confiabilidad en nuestra opini\u00f3n.<\/span><\/p>\n<p>[\/et_pb_text][et_pb_button button_url=\u00bb@ET-DC@eyJkeW5hbWljIjp0cnVlLCJjb250ZW50IjoicG9zdF9saW5rX3VybF9wYWdlIiwic2V0dGluZ3MiOnsicG9zdF9pZCI6IjEwMSJ9fQ==@\u00bb button_text=\u00bbM\u00e1s info\u00bb _builder_version=\u00bb4.27.3&#8243; _dynamic_attributes=\u00bbbutton_url\u00bb _module_preset=\u00bb87603a99-3f31-4103-9f2a-37e72186303e\u00bb global_colors_info=\u00bb{}\u00bb theme_builder_area=\u00bbpost_content\u00bb][\/et_pb_button][\/et_pb_column][et_pb_column type=\u00bb1_3&#8243; _builder_version=\u00bb4.27.3&#8243; _module_preset=\u00bbdefault\u00bb global_colors_info=\u00bb{}\u00bb theme_builder_area=\u00bbpost_content\u00bb][et_pb_image src=\u00bbhttps:\/\/marketeame.com\/LVC\/wp-content\/uploads\/2025\/05\/Servicios-impuestos.jpg\u00bb title_text=\u00bbServicios-impuestos\u00bb _builder_version=\u00bb4.27.3&#8243; _module_preset=\u00bbdefault\u00bb global_colors_info=\u00bb{}\u00bb theme_builder_area=\u00bbpost_content\u00bb][\/et_pb_image][et_pb_text _builder_version=\u00bb4.27.3&#8243; _module_preset=\u00bbdefault\u00bb custom_margin=\u00bb0px||||false|false\u00bb custom_margin_tablet=\u00bb10px||||false|false\u00bb custom_margin_phone=\u00bb10px||||false|false\u00bb custom_margin_last_edited=\u00bbon|tablet\u00bb global_colors_info=\u00bb{}\u00bb theme_builder_area=\u00bbpost_content\u00bb]<\/p>\n<h2><span>Impuestos<\/span><\/h2>\n<p><span>Nos dedicamos a asesorar a empresas e individuos en materia impositiva y previsional. Dise\u00f1amos estrategias de cumplimiento impositivo, realizamos planificaciones fiscales integrales.<\/span><\/p>\n<p>[\/et_pb_text][et_pb_button button_url=\u00bb@ET-DC@eyJkeW5hbWljIjp0cnVlLCJjb250ZW50IjoicG9zdF9saW5rX3VybF9wYWdlIiwic2V0dGluZ3MiOnsicG9zdF9pZCI6IjEzMCJ9fQ==@\u00bb button_text=\u00bbM\u00e1s info\u00bb _builder_version=\u00bb4.27.3&#8243; _dynamic_attributes=\u00bbbutton_url\u00bb _module_preset=\u00bbdefault\u00bb global_colors_info=\u00bb{}\u00bb theme_builder_area=\u00bbpost_content\u00bb][\/et_pb_button][\/et_pb_column][et_pb_column type=\u00bb1_3&#8243; _builder_version=\u00bb4.27.3&#8243; _module_preset=\u00bbdefault\u00bb global_colors_info=\u00bb{}\u00bb theme_builder_area=\u00bbpost_content\u00bb][et_pb_image src=\u00bbhttps:\/\/marketeame.com\/LVC\/wp-content\/uploads\/2025\/02\/Servicios-corporaciones.jpg\u00bb title_text=\u00bbServicios-corporaciones\u00bb _builder_version=\u00bb4.27.3&#8243; _module_preset=\u00bbdefault\u00bb global_colors_info=\u00bb{}\u00bb theme_builder_area=\u00bbpost_content\u00bb][\/et_pb_image][et_pb_text _builder_version=\u00bb4.27.3&#8243; _module_preset=\u00bbdefault\u00bb custom_margin=\u00bb||||false|false\u00bb custom_margin_tablet=\u00bb10px||||false|false\u00bb custom_margin_phone=\u00bb10px||||false|false\u00bb custom_margin_last_edited=\u00bbon|phone\u00bb global_colors_info=\u00bb{}\u00bb theme_builder_area=\u00bbpost_content\u00bb]<\/p>\n<h2><span>Sociedades<\/span><\/h2>\n<p><span>Participamos en la definici\u00f3n y dise\u00f1o de nuevas sociedades que cumplan los requisitos y necesidades de nuestros clientes.<\/span><\/p>\n<p>[\/et_pb_text][et_pb_button button_url=\u00bb@ET-DC@eyJkeW5hbWljIjp0cnVlLCJjb250ZW50IjoicG9zdF9saW5rX3VybF9wYWdlIiwic2V0dGluZ3MiOnsicG9zdF9pZCI6IjEzNCJ9fQ==@\u00bb button_text=\u00bbM\u00e1s info\u00bb _builder_version=\u00bb4.27.3&#8243; _dynamic_attributes=\u00bbbutton_url\u00bb _module_preset=\u00bbdefault\u00bb global_colors_info=\u00bb{}\u00bb theme_builder_area=\u00bbpost_content\u00bb][\/et_pb_button][\/et_pb_column][\/et_pb_row][\/et_pb_section]<\/p>\n","protected":false},"excerpt":{"rendered":"<p>Nos concentramos en asistir en forma permanente a nuestros clientes, ante sus necesidades espec\u00edficas en ciertos procesos administrativos de la compa\u00f1\u00eda.Surgida como un \u00e1rea requerida por nuestros clientes, buscamos satisfacer la necesidad de algunos de ellos de tercerizar ciertos procesos administrativos de su compa\u00f1\u00eda, permiti\u00e9ndoles mantenerse enfocados en su negocio principal. Tenemos un compromiso total [&hellip;]<\/p>\n","protected":false},"author":1,"featured_media":0,"parent":0,"menu_order":0,"comment_status":"closed","ping_status":"closed","template":"","meta":{"_et_pb_use_builder":"on","_et_pb_old_content":"","_et_gb_content_width":"","footnotes":""},"class_list":["post-125","page","type-page","status-publish","hentry"],"_links":{"self":[{"href":"https:\/\/www.marketeame.com\/LVC\/wp-json\/wp\/v2\/pages\/125","targetHints":{"allow":["GET"]}}],"collection":[{"href":"https:\/\/www.marketeame.com\/LVC\/wp-json\/wp\/v2\/pages"}],"about":[{"href":"https:\/\/www.marketeame.com\/LVC\/wp-json\/wp\/v2\/types\/page"}],"author":[{"embeddable":true,"href":"https:\/\/www.marketeame.com\/LVC\/wp-json\/wp\/v2\/users\/1"}],"replies":[{"embeddable":true,"href":"https:\/\/www.marketeame.com\/LVC\/wp-json\/wp\/v2\/comments?post=125"}],"version-history":[{"count":6,"href":"https:\/\/www.marketeame.com\/LVC\/wp-json\/wp\/v2\/pages\/125\/revisions"}],"predecessor-version":[{"id":561,"href":"https:\/\/www.marketeame.com\/LVC\/wp-json\/wp\/v2\/pages\/125\/revisions\/561"}],"wp:attachment":[{"href":"https:\/\/www.marketeame.com\/LVC\/wp-json\/wp\/v2\/media?parent=125"}],"curies":[{"name":"wp","href":"https:\/\/api.w.org\/{rel}","templated":true}]}}