{"id":84,"date":"2025-02-05T00:03:09","date_gmt":"2025-02-05T00:03:09","guid":{"rendered":"https:\/\/marketeame.com\/LVC\/?page_id=84"},"modified":"2025-05-09T17:24:25","modified_gmt":"2025-05-09T17:24:25","slug":"trabajar-en-lvc","status":"publish","type":"page","link":"https:\/\/www.marketeame.com\/LVC\/trabajar-en-lvc\/","title":{"rendered":"Trabajar en LVC"},"content":{"rendered":"<p>[et_pb_section fb_built=\u00bb1&#8243; fullwidth=\u00bbon\u00bb _builder_version=\u00bb4.27.3&#8243; _module_preset=\u00bbdefault\u00bb background_image=\u00bbhttps:\/\/marketeame.com\/LVC\/wp-content\/uploads\/2025\/02\/heder-cv.jpg\u00bb width=\u00bb100%\u00bb height=\u00bb164px\u00bb bottom_divider_style=\u00bbslant\u00bb bottom_divider_color=\u00bb#FFFFFF\u00bb bottom_divider_height=\u00bb105px\u00bb global_colors_info=\u00bb{}\u00bb][\/et_pb_section][et_pb_section fb_built=\u00bb1&#8243; _builder_version=\u00bb4.27.3&#8243; _module_preset=\u00bbdefault\u00bb custom_padding=\u00bb6px|||||\u00bb global_colors_info=\u00bb{}\u00bb][et_pb_row _builder_version=\u00bb4.27.3&#8243; _module_preset=\u00bbdefault\u00bb custom_padding=\u00bb24px||11px|||\u00bb global_colors_info=\u00bb{}\u00bb][et_pb_column type=\u00bb4_4&#8243; _builder_version=\u00bb4.27.3&#8243; _module_preset=\u00bbdefault\u00bb global_colors_info=\u00bb{}\u00bb][et_pb_post_title meta=\u00bboff\u00bb featured_image=\u00bboff\u00bb _builder_version=\u00bb4.27.3&#8243; _module_preset=\u00bbdefault\u00bb text_orientation=\u00bbcenter\u00bb global_colors_info=\u00bb{}\u00bb][\/et_pb_post_title][\/et_pb_column][\/et_pb_row][et_pb_row column_structure=\u00bb1_2,1_2&#8243; _builder_version=\u00bb4.27.3&#8243; _module_preset=\u00bbdefault\u00bb global_colors_info=\u00bb{}\u00bb][et_pb_column type=\u00bb1_2&#8243; _builder_version=\u00bb4.27.3&#8243; _module_preset=\u00bbdefault\u00bb global_colors_info=\u00bb{}\u00bb][et_pb_text _builder_version=\u00bb4.27.3&#8243; _module_preset=\u00bbdefault\u00bb header_4_text_color=\u00bb#D5850C\u00bb global_colors_info=\u00bb{}\u00bb]<\/p>\n<h4>LVC ofrece desarrollarse en un estudio joven y din\u00e1mico con la excelencia y profesionalidad como principales valores, prestando servicios a clientes de primer nivel y de diversas actividades en cualquier de nuestras \u00e1reas de Impuestos, Auditor\u00eda o Tercerizaci\u00f3n de procesos (outsourcing).<\/h4>\n<p>Creemos que la excelencia se logra a trav\u00e9s del esfuerzo, la capacitaci\u00f3n permanente y el compromiso de nuestros profesionales hacia nuestros clientes, por eso en LVC consideramos que nuestro recurso m\u00e1s valioso son las personas que trabajan aqu\u00ed.<br \/>Si quer\u00e9s desarrollarte en una empresa que es escuela en la formaci\u00f3n de profesionales, aqu\u00ed estamos.<\/p>\n<p>Envianos tu cv a <a href=\"mailto:busquedas@lavistacasal.com.ar\">busquedas@lavistacasal.com.ar<\/a><\/p>\n<p>[\/et_pb_text][\/et_pb_column][et_pb_column type=\u00bb1_2&#8243; _builder_version=\u00bb4.27.3&#8243; _module_preset=\u00bbdefault\u00bb global_colors_info=\u00bb{}\u00bb][et_pb_image src=\u00bbhttps:\/\/marketeame.com\/LVC\/wp-content\/uploads\/2025\/05\/imagen-CV-1.jpg\u00bb title_text=\u00bbimagen-CV\u00bb _builder_version=\u00bb4.27.3&#8243; _module_preset=\u00bbdefault\u00bb hover_enabled=\u00bb0&#8243; global_colors_info=\u00bb{}\u00bb sticky_enabled=\u00bb0&#8243;][\/et_pb_image][\/et_pb_column][\/et_pb_row][\/et_pb_section]<\/p>\n","protected":false},"excerpt":{"rendered":"<p>LVC ofrece desarrollarse en un estudio joven y din\u00e1mico con la excelencia y profesionalidad como principales valores, prestando servicios a clientes de primer nivel y de diversas actividades en cualquier de nuestras \u00e1reas de Impuestos, Auditor\u00eda o Tercerizaci\u00f3n de procesos (outsourcing). Creemos que la excelencia se logra a trav\u00e9s del esfuerzo, la capacitaci\u00f3n permanente y [&hellip;]<\/p>\n","protected":false},"author":1,"featured_media":0,"parent":0,"menu_order":0,"comment_status":"closed","ping_status":"closed","template":"","meta":{"_et_pb_use_builder":"on","_et_pb_old_content":"","_et_gb_content_width":"","footnotes":""},"class_list":["post-84","page","type-page","status-publish","hentry"],"_links":{"self":[{"href":"https:\/\/www.marketeame.com\/LVC\/wp-json\/wp\/v2\/pages\/84","targetHints":{"allow":["GET"]}}],"collection":[{"href":"https:\/\/www.marketeame.com\/LVC\/wp-json\/wp\/v2\/pages"}],"about":[{"href":"https:\/\/www.marketeame.com\/LVC\/wp-json\/wp\/v2\/types\/page"}],"author":[{"embeddable":true,"href":"https:\/\/www.marketeame.com\/LVC\/wp-json\/wp\/v2\/users\/1"}],"replies":[{"embeddable":true,"href":"https:\/\/www.marketeame.com\/LVC\/wp-json\/wp\/v2\/comments?post=84"}],"version-history":[{"count":7,"href":"https:\/\/www.marketeame.com\/LVC\/wp-json\/wp\/v2\/pages\/84\/revisions"}],"predecessor-version":[{"id":579,"href":"https:\/\/www.marketeame.com\/LVC\/wp-json\/wp\/v2\/pages\/84\/revisions\/579"}],"wp:attachment":[{"href":"https:\/\/www.marketeame.com\/LVC\/wp-json\/wp\/v2\/media?parent=84"}],"curies":[{"name":"wp","href":"https:\/\/api.w.org\/{rel}","templated":true}]}}